{"id":167,"date":"2024-12-02T08:00:48","date_gmt":"2024-12-02T14:00:48","guid":{"rendered":"https:\/\/oaxacatouch.com\/?page_id=167"},"modified":"2024-12-02T08:23:41","modified_gmt":"2024-12-02T14:23:41","slug":"terminos-y-condiciones","status":"publish","type":"page","link":"https:\/\/oaxacatouch.com\/?page_id=167","title":{"rendered":"T\u00e9rminos y condiciones"},"content":{"rendered":"\t\t<div data-elementor-type=\"wp-page\" data-elementor-id=\"167\" class=\"elementor elementor-167\" data-elementor-post-type=\"page\">\n\t\t\t\t<div class=\"elementor-element elementor-element-c93b333 e-flex e-con-boxed e-con e-parent\" data-id=\"c93b333\" data-element_type=\"container\" data-e-type=\"container\">\n\t\t\t\t\t<div class=\"e-con-inner\">\n\t\t\t\t<div class=\"elementor-element elementor-element-bd2acb2 elementor-widget elementor-widget-heading\" data-id=\"bd2acb2\" data-element_type=\"widget\" data-e-type=\"widget\" data-widget_type=\"heading.default\">\n\t\t\t\t<div class=\"elementor-widget-container\">\n\t\t\t\t\t<h2 class=\"elementor-heading-title elementor-size-default\">T\u00e9rminos y Condiciones de Oaxacatouch<\/h2>\t\t\t\t<\/div>\n\t\t\t\t<\/div>\n\t\t\t\t<div class=\"elementor-element elementor-element-1aa2bab elementor-widget elementor-widget-text-editor\" data-id=\"1aa2bab\" data-element_type=\"widget\" data-e-type=\"widget\" data-widget_type=\"text-editor.default\">\n\t\t\t\t<div class=\"elementor-widget-container\">\n\t\t\t\t\t\t\t\t\t<p><span class=\"AnswerParser_TextContainer__z_Iiv\" data-testid=\"youchat-text\">Estos T\u00e9rminos y Condiciones rigen el uso del sitio web de Oaxacatouch. Al acceder y utilizar nuestro sitio, aceptas cumplir con estos t\u00e9rminos. Si no est\u00e1s de acuerdo con alguno de estos t\u00e9rminos, te pedimos que no utilices nuestro sitio.<\/span><\/p><h4 class=\"AnswerParser_AnswerParserH4__ghxg8\">1. Aceptaci\u00f3n de los T\u00e9rminos<\/h4><p><span class=\"AnswerParser_TextContainer__z_Iiv\" data-testid=\"youchat-text\">Al utilizar Oaxacatouch, confirmas que tienes al menos 18 a\u00f1os o que cuentas con el consentimiento de un padre o tutor para utilizar el sitio. Te comprometes a utilizar el sitio de conformidad con todas las leyes aplicables.<\/span><\/p><h4 class=\"AnswerParser_AnswerParserH4__ghxg8\">2. Propiedad Intelectual<\/h4><p><span class=\"AnswerParser_TextContainer__z_Iiv\" data-testid=\"youchat-text\">Todo el contenido del sitio, incluidos textos, im\u00e1genes, gr\u00e1ficos, logotipos, videos y software, es propiedad de Oaxacatouch o de sus licenciantes y est\u00e1 protegido por las leyes de derechos de autor y propiedad intelectual. No se permite la reproducci\u00f3n, distribuci\u00f3n o modificaci\u00f3n del contenido sin nuestro consentimiento previo por escrito.<\/span><\/p><h4 class=\"AnswerParser_AnswerParserH4__ghxg8\">3. Uso del Sitio<\/h4><p><span class=\"AnswerParser_TextContainer__z_Iiv\" data-testid=\"youchat-text\">Te comprometes a usar Oaxacatouch \u00fanicamente para fines l\u00edcitos y de manera que no infrinja los derechos de otras personas ni limite o impida su uso y disfrute del sitio. Est\u00e1 prohibido:<\/span><\/p><ul class=\"AnswerParser_AnswerParserUnorderedList__P_1FW\"><li class=\"AnswerParser_ListItem__XqLOV\" translate=\"yes\">Publicar o transmitir contenido ilegal, ofensivo o difamatorio.<\/li><li class=\"AnswerParser_ListItem__XqLOV\" translate=\"yes\">Hacer uso indebido del sitio para actividades fraudulentas o il\u00edcitas.<\/li><li class=\"AnswerParser_ListItem__XqLOV\" translate=\"yes\">Interferir con la seguridad, integridad o funcionamiento del sitio.<\/li><\/ul><h4 class=\"AnswerParser_AnswerParserH4__ghxg8\">4. Enlaces a Terceros<\/h4><p><span class=\"AnswerParser_TextContainer__z_Iiv\" data-testid=\"youchat-text\">Nuestro sitio puede contener enlaces a sitios web de terceros. No somos responsables del contenido, pol\u00edticas de privacidad o pr\u00e1cticas de estos sitios. Te recomendamos que revises los t\u00e9rminos y condiciones y las pol\u00edticas de privacidad de cualquier sitio de terceros que visites.<\/span><\/p><h4 class=\"AnswerParser_AnswerParserH4__ghxg8\">5. Limitaci\u00f3n de Responsabilidad<\/h4><p><span class=\"AnswerParser_TextContainer__z_Iiv\" data-testid=\"youchat-text\">Oaxacatouch no ser\u00e1 responsable por da\u00f1os directos, indirectos, incidentales, consecuentes o punitivos que surjan del uso o la incapacidad de uso de nuestro sitio, incluyendo, entre otros, la p\u00e9rdida de datos o beneficios. El uso del sitio es bajo tu propio riesgo.<\/span><\/p><h4 class=\"AnswerParser_AnswerParserH4__ghxg8\">6. Modificaciones a los T\u00e9rminos<\/h4><p><span class=\"AnswerParser_TextContainer__z_Iiv\" data-testid=\"youchat-text\">Nos reservamos el derecho de modificar estos T\u00e9rminos y Condiciones en cualquier momento. Los cambios ser\u00e1n efectivos al momento de su publicaci\u00f3n en el sitio. Te recomendamos que revises peri\u00f3dicamente esta secci\u00f3n para mantenerte informado sobre nuestras pol\u00edticas.<\/span><\/p><h4 class=\"AnswerParser_AnswerParserH4__ghxg8\">7. Ley Aplicable<\/h4><p><span class=\"AnswerParser_TextContainer__z_Iiv\" data-testid=\"youchat-text\">Estos T\u00e9rminos y Condiciones se rigen por las leyes del estado de Oaxaca, M\u00e9xico. Cualquier disputa que surja en relaci\u00f3n con estos t\u00e9rminos se resolver\u00e1 en los tribunales competentes de la ciudad de Oaxaca.<\/span><\/p><h4 class=\"AnswerParser_AnswerParserH4__ghxg8\">8. Contacto<\/h4><p><span class=\"AnswerParser_TextContainer__z_Iiv\" data-testid=\"youchat-text\">Si tienes preguntas o inquietudes sobre estos T\u00e9rminos y Condiciones, no dudes en contactarnos a trav\u00e9s de nuestro formulario de contacto en el sitio web.<\/span><\/p><hr \/><p><span class=\"AnswerParser_TextContainer__z_Iiv\" data-testid=\"youchat-text\"><strong>Oaxacatouch<\/strong>\u00a0se compromete a proporcionarte una experiencia informativa y de calidad. \u00a1Gracias por ser parte de nuestra comunidad!<\/span><\/p>\t\t\t\t\t\t\t\t<\/div>\n\t\t\t\t<\/div>\n\t\t\t\t\t<\/div>\n\t\t\t\t<\/div>\n\t\t\t\t<\/div>\n\t\t","protected":false},"excerpt":{"rendered":"<p>T\u00e9rminos y Condiciones de Oaxacatouch Estos T\u00e9rminos y Condiciones rigen el uso del sitio web de Oaxacatouch. Al acceder y utilizar nuestro sitio, aceptas cumplir con estos t\u00e9rminos. Si no est\u00e1s de acuerdo con alguno de estos t\u00e9rminos, te pedimos que no utilices nuestro sitio. 1. Aceptaci\u00f3n de los T\u00e9rminos Al utilizar Oaxacatouch, confirmas que [&hellip;]<\/p>\n","protected":false},"author":1,"featured_media":0,"parent":0,"menu_order":0,"comment_status":"closed","ping_status":"closed","template":"elementor_header_footer","meta":{"footnotes":""},"class_list":["post-167","page","type-page","status-publish","hentry"],"_links":{"self":[{"href":"https:\/\/oaxacatouch.com\/index.php?rest_route=\/wp\/v2\/pages\/167","targetHints":{"allow":["GET"]}}],"collection":[{"href":"https:\/\/oaxacatouch.com\/index.php?rest_route=\/wp\/v2\/pages"}],"about":[{"href":"https:\/\/oaxacatouch.com\/index.php?rest_route=\/wp\/v2\/types\/page"}],"author":[{"embeddable":true,"href":"https:\/\/oaxacatouch.com\/index.php?rest_route=\/wp\/v2\/users\/1"}],"replies":[{"embeddable":true,"href":"https:\/\/oaxacatouch.com\/index.php?rest_route=%2Fwp%2Fv2%2Fcomments&post=167"}],"version-history":[{"count":4,"href":"https:\/\/oaxacatouch.com\/index.php?rest_route=\/wp\/v2\/pages\/167\/revisions"}],"predecessor-version":[{"id":189,"href":"https:\/\/oaxacatouch.com\/index.php?rest_route=\/wp\/v2\/pages\/167\/revisions\/189"}],"wp:attachment":[{"href":"https:\/\/oaxacatouch.com\/index.php?rest_route=%2Fwp%2Fv2%2Fmedia&parent=167"}],"curies":[{"name":"wp","href":"https:\/\/api.w.org\/{rel}","templated":true}]}}